{"id":16,"date":"2025-10-29T22:54:56","date_gmt":"2025-10-29T22:54:56","guid":{"rendered":"https:\/\/yetalium.com\/?page_id=16"},"modified":"2025-10-29T23:27:38","modified_gmt":"2025-10-29T23:27:38","slug":"elementor-16","status":"publish","type":"page","link":"https:\/\/yetalium.com\/en\/elementor-16\/","title":{"rendered":"Elementor #16"},"content":{"rendered":"\t\t<div data-elementor-type=\"wp-page\" data-elementor-id=\"16\" class=\"elementor elementor-16\">\n\t\t\t\t<div class=\"elementor-element elementor-element-67b780d e-flex e-con-boxed e-con e-parent\" data-id=\"67b780d\" data-element_type=\"container\" data-e-type=\"container\">\n\t\t\t\t\t<div class=\"e-con-inner\">\n\t\t\t\t<div class=\"elementor-element elementor-element-d0e4514 elementor-widget elementor-widget-html\" data-id=\"d0e4514\" data-element_type=\"widget\" data-e-type=\"widget\" data-widget_type=\"html.default\">\n\t\t\t\t\t<a href=\"tel:+905442308916\">+90 544 230 89 16<\/a> \u00b7\r\n<a href=\"mailto:info@yetalium.com\">info@yetalium.com<\/a> \u00b7\r\n<a href=\"https:\/\/wa.me\/905442308916\" target=\"_blank\">WhatsApp<\/a>\t\t\t\t<\/div>\n\t\t\t\t<div class=\"elementor-element elementor-element-eb58b35 elementor-widget elementor-widget-heading\" data-id=\"eb58b35\" data-element_type=\"widget\" data-e-type=\"widget\" data-widget_type=\"heading.default\">\n\t\t\t\t\t<h2 class=\"elementor-heading-title elementor-size-default\">YETALIUM \u2014 Metal ve Ala\u015f\u0131m \u00c7\u00f6z\u00fcmleri<\/h2>\t\t\t\t<\/div>\n\t\t\t\t\t<\/div>\n\t\t\t\t<\/div>\n\t\t<div class=\"elementor-element elementor-element-8a597d9 e-flex e-con-boxed e-con e-parent\" data-id=\"8a597d9\" data-element_type=\"container\" data-e-type=\"container\">\n\t\t\t\t\t<div class=\"e-con-inner\">\n\t\t\t\t<div class=\"elementor-element elementor-element-0313665 elementor-widget elementor-widget-text-editor\" data-id=\"0313665\" data-element_type=\"widget\" data-e-type=\"widget\" data-widget_type=\"text-editor.default\">\n\t\t\t\t\t\t\t\t\t<p>Paslanmaz \u00e7elik, karbon \u00e7elik, al\u00fcminyum ve nikel esasl\u0131 ala\u015f\u0131mlarda<br \/>h\u0131zl\u0131 tedarik ve g\u00fcvenilir kalite.<\/p>\t\t\t\t\t\t\t\t<\/div>\n\t\t\t\t<div class=\"elementor-element elementor-element-805152c elementor-widget elementor-widget-button\" data-id=\"805152c\" data-element_type=\"widget\" data-e-type=\"widget\" data-widget_type=\"button.default\">\n\t\t\t\t\t\t\t\t\t\t<a class=\"elementor-button elementor-button-link elementor-size-sm\" href=\"http:\/\/info@yetalium.com\">\n\t\t\t\t\t\t<span class=\"elementor-button-content-wrapper\">\n\t\t\t\t\t\t\t\t\t<span class=\"elementor-button-text\">Teklif Al<\/span>\n\t\t\t\t\t<\/span>\n\t\t\t\t\t<\/a>\n\t\t\t\t\t\t\t\t<\/div>\n\t\t\t\t\t<\/div>\n\t\t\t\t<\/div>\n\t\t<div class=\"elementor-element elementor-element-12d7052 e-flex e-con-boxed e-con e-parent\" data-id=\"12d7052\" data-element_type=\"container\" data-e-type=\"container\">\n\t\t\t\t\t<div class=\"e-con-inner\">\n\t\t\t\t<div class=\"elementor-element elementor-element-d0b2098 elementor-widget elementor-widget-heading\" data-id=\"d0b2098\" data-element_type=\"widget\" data-e-type=\"widget\" data-widget_type=\"heading.default\">\n\t\t\t\t\t<h2 class=\"elementor-heading-title elementor-size-default\">Hakk\u0131m\u0131zda<\/h2>\t\t\t\t<\/div>\n\t\t\t\t\t<\/div>\n\t\t\t\t<\/div>\n\t\t<div class=\"elementor-element elementor-element-66ea656 e-flex e-con-boxed e-con e-parent\" data-id=\"66ea656\" data-element_type=\"container\" data-e-type=\"container\">\n\t\t\t\t\t<div class=\"e-con-inner\">\n\t\t\t\t<div class=\"elementor-element elementor-element-d57be74 elementor-widget elementor-widget-text-editor\" data-id=\"d57be74\" data-element_type=\"widget\" data-e-type=\"widget\" data-widget_type=\"text-editor.default\">\n\t\t\t\t\t\t\t\t\t<p>Yetalium, paslanmaz \u00e7elikten al\u00fcminyuma, karbon \u00e7elikten nikel esasl\u0131 s\u00fcperala\u015f\u0131mlara kadar geni\u015f \u00fcr\u00fcn yelpazesiyle end\u00fcstriyel tedarik \u00e7\u00f6z\u00fcmleri sunar. <br \/>H\u0131zl\u0131 lojistik, uluslararas\u0131 standartlar ve g\u00fcvenilir stok y\u00f6netimi ile \u00e7al\u0131\u015f\u0131r.<\/p>\t\t\t\t\t\t\t\t<\/div>\n\t\t\t\t\t<\/div>\n\t\t\t\t<\/div>\n\t\t<div class=\"elementor-element elementor-element-b3dd52e e-flex e-con-boxed e-con e-parent\" data-id=\"b3dd52e\" data-element_type=\"container\" data-e-type=\"container\">\n\t\t\t\t\t<div class=\"e-con-inner\">\n\t\t\t\t<div class=\"elementor-element elementor-element-161fee0 elementor-widget elementor-widget-heading\" data-id=\"161fee0\" data-element_type=\"widget\" data-e-type=\"widget\" data-widget_type=\"heading.default\">\n\t\t\t\t\t<h2 class=\"elementor-heading-title elementor-size-default\">\u00dcr\u00fcnler<\/h2>\t\t\t\t<\/div>\n\t\t\t\t\t<\/div>\n\t\t\t\t<\/div>\n\t\t<div class=\"elementor-element elementor-element-3f8ce11 e-flex e-con-boxed e-con e-parent\" data-id=\"3f8ce11\" data-element_type=\"container\" data-e-type=\"container\">\n\t\t\t\t\t<div class=\"e-con-inner\">\n\t\t\t\t<div class=\"elementor-element elementor-element-1d00976 elementor-widget elementor-widget-text-editor\" data-id=\"1d00976\" data-element_type=\"widget\" data-e-type=\"widget\" data-widget_type=\"text-editor.default\">\n\t\t\t\t\t\t\t\t\t<p>A\u015fa\u011f\u0131daki kategorilerden se\u00e7im yaparak detaylara ula\u015fabilirsiniz.<\/p>\t\t\t\t\t\t\t\t<\/div>\n\t\t\t\t\t<\/div>\n\t\t\t\t<\/div>\n\t\t<div class=\"elementor-element elementor-element-56efd3a e-flex e-con-boxed e-con e-parent\" data-id=\"56efd3a\" data-element_type=\"container\" data-e-type=\"container\">\n\t\t\t\t\t<div class=\"e-con-inner\">\n\t\t\t\t<div class=\"elementor-element elementor-element-0eba368 elementor-widget elementor-widget-html\" data-id=\"0eba368\" data-element_type=\"widget\" data-e-type=\"widget\" data-widget_type=\"html.default\">\n\t\t\t\t\t<style>\r\n  .ylm-wrap{--ylm-bg:#0f1115;--ylm-card:#151922;--ylm-text:#e6ebf2;--ylm-muted:#9aa5b1;--ylm-border:#2a3140;--ylm-chip:#1d2430;--ylm-chip-active:#2b3648;--ylm-accent:#8b5cf6;color:var(--ylm-text)}\r\n  .ylm-wrap.light{--ylm-bg:#ffffff;--ylm-card:#f8fafc;--ylm-text:#0f172a;--ylm-muted:#475569;--ylm-border:#e2e8f0;--ylm-chip:#f1f5f9;--ylm-chip-active:#e2e8f0;--ylm-accent:#7c3aed}\r\n  .ylm-wrap{background:transparent}\r\n  .ylm-head{margin:8px 0 16px;color:var(--ylm-muted);font-size:14px}\r\n  .ylm-chips{display:flex;flex-wrap:wrap;gap:8px;margin:12px 0 18px}\r\n  .ylm-chip{border:1px solid var(--ylm-border);background:var(--ylm-chip);padding:8px 12px;border-radius:999px;cursor:pointer;user-select:none}\r\n  .ylm-chip.active{background:var(--ylm-accent);border-color:transparent;color:#fff}\r\n  .ylm-grid{display:grid;grid-template-columns:repeat(12,1fr);gap:16px}\r\n  .ylm-card{grid-column:span 12;background:var(--ylm-card);border:1px solid var(--ylm-border);border-radius:16px;overflow:hidden;display:flex;flex-direction:column}\r\n  @media(min-width:640px){.ylm-card{grid-column:span 6}}\r\n  @media(min-width:1024px){.ylm-card{grid-column:span 4}}\r\n  .ylm-thumb{aspect-ratio:16\/10;background:#0b0e13;display:flex;align-items:center;justify-content:center}\r\n  .ylm-thumb img{max-width:100%;max-height:100%;display:block}\r\n  .ylm-body{padding:14px}\r\n  .ylm-title{font-weight:700;margin:0 0 2px}\r\n  .ylm-sub{font-size:13px;color:var(--ylm-muted);margin:0 0 8px}\r\n  .ylm-row{display:flex;gap:8px;align-items:center;flex-wrap:wrap}\r\n  .ylm-pill{font-size:12px;background:var(--ylm-chip);border:1px solid var(--ylm-border);padding:6px 8px;border-radius:999px}\r\n  .ylm-actions{margin-top:auto;padding:14px;display:flex;gap:8px}\r\n  .ylm-btn{border:1px solid var(--ylm-border);background:var(--ylm-chip);padding:8px 12px;border-radius:10px;cursor:pointer}\r\n  .ylm-btn:hover{background:var(--ylm-chip-active)}\r\n  .ylm-btn.primary{background:var(--ylm-accent);border-color:transparent;color:#fff}\r\n  .ylm-empty{padding:14px;border:1px dashed var(--ylm-border);border-radius:12px;color:var(--ylm-muted);text-align:center}\r\n  .ylm-modal{border:none;border-radius:16px;max-width:900px;width:96%;padding:0;background:var(--ylm-card);color:var(--ylm-text)}\r\n  .ylm-modal::backdrop{background:rgba(0,0,0,.55)}\r\n  .ylm-mh{display:flex;justify-content:space-between;align-items:center;padding:14px 16px;border-bottom:1px solid var(--ylm-border)}\r\n  .ylm-mb{padding:16px;display:grid;grid-template-columns:1fr;gap:16px}\r\n  @media(min-width:900px){.ylm-mb{grid-template-columns:1.25fr 1fr}}\r\n  .ylm-mimg{background:#0b0e13;border:1px solid var(--ylm-border);border-radius:12px;display:flex;align-items:center;justify-content:center;aspect-ratio:16\/11;overflow:hidden}\r\n  .ylm-mimg img{max-width:100%;max-height:100%}\r\n  .ylm-mtags{display:flex;gap:8px;flex-wrap:wrap}\r\n  .ylm-mtbl{width:100%;border-collapse:collapse;font-size:14px;margin:12px 0}\r\n  .ylm-mtbl th,.ylm-mtbl td{border-bottom:1px solid var(--ylm-border);padding:8px;text-align:left}\r\n  .ylm-ma{display:flex;gap:8px;flex-wrap:wrap;padding:0 16px 16px}\r\n<\/style>\r\n\r\n<div class=\"ylm-wrap light\" id=\"ylmCatalog\">\r\n  <div class=\"ylm-head\">Kategoriyi se\u00e7in, \u00fcr\u00fcn kart\u0131na t\u0131klay\u0131nca detay penceresi a\u00e7\u0131l\u0131r.<\/div>\r\n  <div class=\"ylm-chips\" id=\"ylmFilters\">\r\n    <button class=\"ylm-chip active\" data-filter=\"all\">T\u00fcm\u00fc<\/button>\r\n    <button class=\"ylm-chip\" data-filter=\"paslanmaz\">Paslanmaz \u00c7elikler<\/button>\r\n    <button class=\"ylm-chip\" data-filter=\"yapisal\">Yap\u0131sal \u00c7elikler<\/button>\r\n    <button class=\"ylm-chip\" data-filter=\"aluminyum\">Al\u00fcminyum Ala\u015f\u0131mlar\u0131<\/button>\r\n    <button class=\"ylm-chip\" data-filter=\"titanyum\">Titanyum Ala\u015f\u0131mlar\u0131<\/button>\r\n    <button class=\"ylm-chip\" data-filter=\"nikel\">Nikel Ala\u015f\u0131mlar\u0131<\/button>\r\n    <button class=\"ylm-chip\" data-filter=\"super\">S\u00fcper Ala\u015f\u0131mlar<\/button>\r\n  <\/div>\r\n  <div class=\"ylm-grid\" id=\"ylmGrid\"><\/div>\r\n  <div class=\"ylm-empty\" id=\"ylmEmpty\" style=\"display:none\">Hen\u00fcz \u00fcr\u00fcn eklenmedi.<\/div>\r\n<\/div>\r\n\r\n<dialog class=\"ylm-modal\" id=\"ylmModal\" aria-modal=\"true\">\r\n  <div class=\"ylm-mh\">\r\n    <div>\r\n      <div id=\"ylmMT\" style=\"font-weight:700\"><\/div>\r\n      <div id=\"ylmMS\" style=\"font-size:13px;opacity:.8\"><\/div>\r\n    <\/div>\r\n    <button class=\"ylm-chip\" id=\"ylmClose\" aria-label=\"Kapat\">\u2715<\/button>\r\n  <\/div>\r\n  <div class=\"ylm-mb\">\r\n    <div class=\"ylm-mimg\"><img id=\"ylmMI\" alt=\"\"><\/div>\r\n    <div>\r\n      <div class=\"ylm-mtags\" id=\"ylmMTags\"><\/div>\r\n      <table class=\"ylm-mtbl\" id=\"ylmMTbl\"><\/table>\r\n      <p id=\"ylmMD\" style=\"margin:8px 0 14px;color:var(--ylm-muted)\"><\/p>\r\n    <\/div>\r\n  <\/div>\r\n  <div class=\"ylm-ma\">\r\n    <a id=\"ylmQuote\" class=\"ylm-btn primary\" href=\"#\" target=\"_blank\" rel=\"noopener\">Teklif Al<\/a>\r\n    <span class=\"ylm-pill\" id=\"ylmMC\"><\/span>\r\n  <\/div>\r\n<\/dialog>\r\n\r\n<script>\r\nconst PRODUCTS = [\r\n  {\r\n    code:\"YET-304-SS\",\r\n    category:\"paslanmaz\",\r\n    name:\"304 Paslanmaz Levha\",\r\n    subtitle:\"EN 1.4301 | ASTM A240\",\r\n    desc:\"Genel ama\u00e7l\u0131 paslanmaz levha, g\u0131da ve mimaride yayg\u0131n kullan\u0131l\u0131r.\",\r\n    img:\"https:\/\/placehold.co\/800x500\/png?text=304+Paslanmaz+Levha\",\r\n    tags:[\"2B\",\"BA\",\"No.4\",\"HR\"],\r\n    table:[\r\n      {k:\"Kal\u0131nl\u0131k\", v:\"0.5\u201320 mm\"},\r\n      {k:\"Geni\u015flik\", v:\"1000 \/ 1250 \/ 1500 mm\"},\r\n      {k:\"Boy\", v:\"2000 \/ 2500 \/ 3000 mm\"},\r\n      {k:\"Y\u00fczey\", v:\"2B, BA, No.4, HR\"},\r\n      {k:\"Standart\", v:\"EN 1.4301 (AISI 304) \/ ASTM A240\"},\r\n      {k:\"Sertifika\", v:\"EN 10204 3.1\"}\r\n    ]\r\n  },\r\n  {\r\n    code:\"YET-316L-TP\",\r\n    category:\"paslanmaz\",\r\n    name:\"316L Paslanmaz Boru\",\r\n    subtitle:\"EN 1.4404 | ASTM A312\",\r\n    desc:\"Denizel ve kimyasal ortamlarda tercih edilen, kaynakl\u0131\/s\u0131zd\u0131rmaz se\u00e7enekli boru.\",\r\n    img:\"https:\/\/placehold.co\/800x500\/png?text=316L+Boru\",\r\n    tags:[\"Seamless\",\"Welded\",\"Polished\"],\r\n    table:[\r\n      {k:\"\u00c7ap (OD)\", v:\"6\u2013203 mm\"},\r\n      {k:\"Et Kal\u0131nl\u0131\u011f\u0131\", v:\"0.5\u20136 mm\"},\r\n      {k:\"Y\u00fczey\", v:\"Mat \/ Parlak\"},\r\n      {k:\"Standart\", v:\"ASTM A312 \/ EN 10217\"}\r\n    ]\r\n  },\r\n  {\r\n    code:\"YET-5083-AL\",\r\n    category:\"aluminyum\",\r\n    name:\"5083 Al\u00fcminyum Levha\",\r\n    subtitle:\"EN 573-3 | Marine Grade\",\r\n    desc:\"Y\u00fcksek mukavemet; denizcilik ve bas\u0131n\u00e7l\u0131 kaplarda kullan\u0131ma uygun.\",\r\n    img:\"https:\/\/placehold.co\/800x500\/png?text=5083+Levha\",\r\n    tags:[\"H111\",\"H116\",\"H321\"],\r\n    table:[\r\n      {k:\"Kal\u0131nl\u0131k\", v:\"2\u201350 mm\"},\r\n      {k:\"Ebat\", v:\"1500\u00d73000 \/ 2000\u00d76000\"},\r\n      {k:\"Kaynaklanabilirlik\", v:\"\u0130yi\"},\r\n      {k:\"Standart\", v:\"EN 573-3 \/ EN 485\"}\r\n    ]\r\n  }\r\n(function(){\r\n  const h = location.hash||\"\";\r\n  const m = \/#products\\?f=([a-z]+)\/.exec(h);\r\n  if(!m) return;\r\n  activeFilter = m[1];\r\n  document.querySelectorAll(\".ylm-chip\").forEach(b=>b.classList.remove(\"active\"));\r\n  const btn = document.querySelector(`.ylm-chip[data-filter=\"${activeFilter}\"]`);\r\n  if(btn){ btn.classList.add(\"active\"); renderGrid(); }\r\n})();\r\n  \r\n];\r\n\r\nlet activeFilter = \"all\";\r\nconst grid = document.getElementById(\"ylmGrid\");\r\nconst empty = document.getElementById(\"ylmEmpty\");\r\n\r\nfunction renderGrid(){\r\n  grid.innerHTML = \"\";\r\n  const list = PRODUCTS.filter(p => activeFilter===\"all\" ? true : p.category===activeFilter);\r\n  if(list.length===0){\r\n    empty.style.display = \"block\";\r\n    return;\r\n  }\r\n  empty.style.display = \"none\";\r\n  list.forEach(p=>{\r\n    const card = document.createElement(\"article\");\r\n    card.className = \"ylm-card\";\r\n    card.innerHTML = `\r\n      <div class=\"ylm-thumb\">${p.img?`<img decoding=\"async\" src=\"${p.img}\" alt=\"${p.name||\"\"}\">`:`<span style=\"color:#94a3b8;font-size:13px\">G\u00f6rsel Yok<\/span>`}<\/div>\r\n      <div class=\"ylm-body\">\r\n        <h4 class=\"ylm-title\">${p.name||\"\u00dcr\u00fcn Ad\u0131\"}<\/h4>\r\n        <div class=\"ylm-sub\">${p.subtitle||\r\n\t\t\t\t<\/div>\n\t\t\t\t\t<\/div>\n\t\t\t\t<\/div>\n\t\t<div class=\"elementor-element elementor-element-c9077f3 e-flex e-con-boxed e-con e-parent\" data-id=\"c9077f3\" data-element_type=\"container\" data-e-type=\"container\">\n\t\t\t\t\t<div class=\"e-con-inner\">\n\t\t\t\t\t<\/div>\n\t\t\t\t<\/div>\n\t\t\t\t<\/div>\n\t\t","protected":false},"excerpt":{"rendered":"<p>+90 544 230 89 16 \u00b7 info@yetalium.com \u00b7 WhatsApp YETALIUM \u2014 Metal ve Ala\u015f\u0131m \u00c7\u00f6z\u00fcmleri Paslanmaz \u00e7elik, karbon \u00e7elik, al\u00fcminyum [&hellip;]<\/p>\n","protected":false},"author":1,"featured_media":0,"parent":0,"menu_order":0,"comment_status":"closed","ping_status":"closed","template":"","meta":{"site-sidebar-layout":"no-sidebar","site-content-layout":"","ast-site-content-layout":"full-width-container","site-content-style":"default","site-sidebar-style":"default","ast-global-header-display":"","ast-banner-title-visibility":"","ast-main-header-display":"","ast-hfb-above-header-display":"","ast-hfb-below-header-display":"","ast-hfb-mobile-header-display":"","site-post-title":"","ast-breadcrumbs-content":"","ast-featured-img":"disabled","footer-sml-layout":"","ast-disable-related-posts":"","theme-transparent-header-meta":"","adv-header-id-meta":"","stick-header-meta":"","header-above-stick-meta":"","header-main-stick-meta":"","header-below-stick-meta":"","astra-migrate-meta-layouts":"default","ast-page-background-enabled":"default","ast-page-background-meta":{"desktop":{"background-color":"var(--ast-global-color-5)","background-image":"","background-repeat":"repeat","background-position":"center center","background-size":"auto","background-attachment":"scroll","background-type":"","background-media":"","overlay-type":"","overlay-color":"","overlay-opacity":"","overlay-gradient":""},"tablet":{"background-color":"","background-image":"","background-repeat":"repeat","background-position":"center center","background-size":"auto","background-attachment":"scroll","background-type":"","background-media":"","overlay-type":"","overlay-color":"","overlay-opacity":"","overlay-gradient":""},"mobile":{"background-color":"","background-image":"","background-repeat":"repeat","background-position":"center center","background-size":"auto","background-attachment":"scroll","background-type":"","background-media":"","overlay-type":"","overlay-color":"","overlay-opacity":"","overlay-gradient":""}},"ast-content-background-meta":{"desktop":{"background-color":"var(--ast-global-color-4)","background-image":"","background-repeat":"repeat","background-position":"center center","background-size":"auto","background-attachment":"scroll","background-type":"","background-media":"","overlay-type":"","overlay-color":"","overlay-opacity":"","overlay-gradient":""},"tablet":{"background-color":"var(--ast-global-color-4)","background-image":"","background-repeat":"repeat","background-position":"center center","background-size":"auto","background-attachment":"scroll","background-type":"","background-media":"","overlay-type":"","overlay-color":"","overlay-opacity":"","overlay-gradient":""},"mobile":{"background-color":"var(--ast-global-color-4)","background-image":"","background-repeat":"repeat","background-position":"center center","background-size":"auto","background-attachment":"scroll","background-type":"","background-media":"","overlay-type":"","overlay-color":"","overlay-opacity":"","overlay-gradient":""}},"footnotes":""},"class_list":["post-16","page","type-page","status-publish","hentry"],"_links":{"self":[{"href":"https:\/\/yetalium.com\/en\/wp-json\/wp\/v2\/pages\/16","targetHints":{"allow":["GET"]}}],"collection":[{"href":"https:\/\/yetalium.com\/en\/wp-json\/wp\/v2\/pages"}],"about":[{"href":"https:\/\/yetalium.com\/en\/wp-json\/wp\/v2\/types\/page"}],"author":[{"embeddable":true,"href":"https:\/\/yetalium.com\/en\/wp-json\/wp\/v2\/users\/1"}],"replies":[{"embeddable":true,"href":"https:\/\/yetalium.com\/en\/wp-json\/wp\/v2\/comments?post=16"}],"version-history":[{"count":7,"href":"https:\/\/yetalium.com\/en\/wp-json\/wp\/v2\/pages\/16\/revisions"}],"predecessor-version":[{"id":28,"href":"https:\/\/yetalium.com\/en\/wp-json\/wp\/v2\/pages\/16\/revisions\/28"}],"wp:attachment":[{"href":"https:\/\/yetalium.com\/en\/wp-json\/wp\/v2\/media?parent=16"}],"curies":[{"name":"wp","href":"https:\/\/api.w.org\/{rel}","templated":true}]}}